{"id":49,"date":"2014-10-21T21:49:24","date_gmt":"2014-10-21T19:49:24","guid":{"rendered":"http:\/\/www.fiddler.cz\/fiddler\/?page_id=49"},"modified":"2021-07-22T15:00:25","modified_gmt":"2021-07-22T13:00:25","slug":"noty","status":"publish","type":"page","link":"http:\/\/www.fiddler.cz\/fiddler\/noty-a-tabulatury\/noty\/","title":{"rendered":"Vyukov\u00e9 materi\u00e1ly"},"content":{"rendered":"<p>Otakar Sev\u010d\u00edk op.6 se\u0161it 1, cvi\u010den\u00ed 4.1 linka u\u010ditele\u00a0 <a href=\"http:\/\/www.kapic.cz\/fiddle\/Op6_1cv4_1uc.mp3\">Ke sta\u017een\u00ed<\/a><br \/>\nOtakar Sev\u010d\u00edk op.6 se\u0161it 1, cvi\u010den\u00ed 4.2 linka u\u010ditele\u00a0 <a href=\"http:\/\/www.kapic.cz\/fiddle\/Op6_1cv4_2uc.mp3\">Ke sta\u017een\u00ed<\/a><br \/>\nOtakar Sev\u010d\u00edk op.6 se\u0161it 1, cvi\u010den\u00ed 4.3 linka u\u010ditele\u00a0 <a href=\"http:\/\/www.kapic.cz\/fiddle\/Op6_1cv4_3uc.mp3\">Ke sta\u017een\u00ed<\/a><br \/>\nOtakar Sev\u010d\u00edk op.6 se\u0161it 1, cvi\u010den\u00ed 4.4 linka u\u010ditele\u00a0 <a href=\"https:\/\/www.kapic.cz\/fiddle\/Op6_1cv4_4uc.mp3\">Ke sta\u017een\u00ed<\/a><br \/>\nOtakar Sev\u010d\u00edk op.6 se\u0161it 1, cvi\u010den\u00ed 4.5 linka u\u010ditele\u00a0 <a href=\"http:\/\/www.kapic.cz\/fiddle\/Op6_1cv4_5uc.mp3\">Ke sta\u017een\u00ed<\/a><br \/>\nOtakar Sev\u010d\u00edk op.6 se\u0161it 1, cvi\u010den\u00ed 4.6 linka u\u010ditele\u00a0 <a href=\"http:\/\/www.kapic.cz\/fiddle\/Op6_1cv4_6uc.mp3\">Ke sta\u017een\u00ed<\/a><\/p>\n<p>Nesem v\u00e1m noviny &#8211; za\u010d\u00e1te\u010dn\u00edk 1\u00a0 <a href=\"http:\/\/www.kapic.cz\/fiddle\/Nesem v\u00e1m noviny basic1.mp3\">Ke sta\u017een\u00ed\u00a0<\/a><br \/>\nBile them gabbage down <a href=\"https:\/\/kapic.cz\/fiddle\/Bile them gabbage down.mp3\">Ke sta\u017een\u00ed<\/a><br \/>\nCripple creek <a href=\"https:\/\/www.kapic.cz\/fiddle\/Criple creek 1.wav\">Ke sta\u017een\u00ed 1<\/a>, <a href=\"https:\/\/www.kapic.cz\/fiddle\/Criple creek 2.wav\">Ke sta\u017een\u00ed 2<\/a><br \/>\nElk river blues <a href=\"https:\/\/www.kapic.cz\/fiddle\/Elk river blues 2.mp3\">Ke sta\u017een\u00ed<\/a><br \/>\nTy a ty, Johann Strauss, op.367<a href=\"http:\/\/www.kapic.cz\/fiddle\/Tyaty-03.mp3\"> Ke sta\u017een\u00ed<\/a><br \/>\nFiddle Farm Looper 1 <a href=\"https:\/\/www.kapic.cz\/fiddle\/ff.zip\">Ke sta\u017een\u00ed<\/a><\/p>\n<p>Podklady:<\/p>\n<p>Lament\u00a0 <a href=\"http:\/\/kapic.cz\/fiddle\/lament.mp3\">Ke sta\u017een\u00ed<\/a><br \/>\nBach Ke <a href=\"http:\/\/www.kapic.cz\/fiddle\/bach1.mp3\">sta\u017een\u00ed<\/a><\/p>\n","protected":false},"excerpt":{"rendered":"<p>Otakar Sev\u010d\u00edk op.6 se\u0161it 1, cvi\u010den\u00ed 4.1 linka u\u010ditele\u00a0 Ke sta\u017een\u00ed Otakar Sev\u010d\u00edk op.6 se\u0161it 1, cvi\u010den\u00ed 4.2 linka u\u010ditele\u00a0 Ke sta\u017een\u00ed Otakar Sev\u010d\u00edk op.6 se\u0161it 1, cvi\u010den\u00ed 4.3 linka u\u010ditele\u00a0 Ke sta\u017een\u00ed Otakar Sev\u010d\u00edk op.6 se\u0161it 1, cvi\u010den\u00ed 4.4 linka u\u010ditele\u00a0 Ke sta\u017een\u00ed Otakar Sev\u010d\u00edk op.6 se\u0161it 1, cvi\u010den\u00ed 4.5 linka u\u010ditele\u00a0 Ke sta\u017een\u00ed [&hellip;]<\/p>\n","protected":false},"author":1,"featured_media":0,"parent":45,"menu_order":0,"comment_status":"closed","ping_status":"open","template":"","meta":{"footnotes":""},"class_list":["post-49","page","type-page","status-publish","hentry"],"aioseo_notices":[],"_links":{"self":[{"href":"http:\/\/www.fiddler.cz\/fiddler\/wp-json\/wp\/v2\/pages\/49","targetHints":{"allow":["GET"]}}],"collection":[{"href":"http:\/\/www.fiddler.cz\/fiddler\/wp-json\/wp\/v2\/pages"}],"about":[{"href":"http:\/\/www.fiddler.cz\/fiddler\/wp-json\/wp\/v2\/types\/page"}],"author":[{"embeddable":true,"href":"http:\/\/www.fiddler.cz\/fiddler\/wp-json\/wp\/v2\/users\/1"}],"replies":[{"embeddable":true,"href":"http:\/\/www.fiddler.cz\/fiddler\/wp-json\/wp\/v2\/comments?post=49"}],"version-history":[{"count":0,"href":"http:\/\/www.fiddler.cz\/fiddler\/wp-json\/wp\/v2\/pages\/49\/revisions"}],"up":[{"embeddable":true,"href":"http:\/\/www.fiddler.cz\/fiddler\/wp-json\/wp\/v2\/pages\/45"}],"wp:attachment":[{"href":"http:\/\/www.fiddler.cz\/fiddler\/wp-json\/wp\/v2\/media?parent=49"}],"curies":[{"name":"wp","href":"https:\/\/api.w.org\/{rel}","templated":true}]}}