{"id":2,"date":"2014-10-16T11:56:36","date_gmt":"2014-10-16T11:56:36","guid":{"rendered":"http:\/\/fiddler\/?page_id=2"},"modified":"2025-02-18T12:26:54","modified_gmt":"2025-02-18T10:26:54","slug":"hlavni_strana","status":"publish","type":"page","link":"http:\/\/www.fiddler.cz\/fiddler\/","title":{"rendered":"Hlavn\u00ed strana"},"content":{"rendered":"<h2>Vladim\u00edr Kapic, fiddler na cest\u011b<\/h2>\n<figure id=\"attachment_93\" aria-describedby=\"caption-attachment-93\" style=\"width: 428px\" class=\"wp-caption alignnone\"><a href=\"http:\/\/www.fiddler.cz\/fiddler\/wp-content\/uploads\/981403_10202993577399468_7894926001094044261_o.jpg\"><img loading=\"lazy\" decoding=\"async\" class=\"wp-image-93\" src=\"http:\/\/www.fiddler.cz\/fiddler\/wp-content\/uploads\/981403_10202993577399468_7894926001094044261_o-300x199.jpg\" alt=\"Foto z\u00edsk\u00e1no od kapely, pokud je poru\u0161eno va\u0161e autorsk\u00e9 pr\u00e1vo, pros\u00edm ozv\u011bte se.\" width=\"428\" height=\"284\" srcset=\"http:\/\/www.fiddler.cz\/fiddler\/wp-content\/uploads\/981403_10202993577399468_7894926001094044261_o-300x199.jpg 300w, http:\/\/www.fiddler.cz\/fiddler\/wp-content\/uploads\/981403_10202993577399468_7894926001094044261_o-150x100.jpg 150w, http:\/\/www.fiddler.cz\/fiddler\/wp-content\/uploads\/981403_10202993577399468_7894926001094044261_o-1024x680.jpg 1024w, http:\/\/www.fiddler.cz\/fiddler\/wp-content\/uploads\/981403_10202993577399468_7894926001094044261_o.jpg 2000w\" sizes=\"auto, (max-width: 428px) 100vw, 428px\" \/><\/a><figcaption id=\"caption-attachment-93\" class=\"wp-caption-text\">Fiddler, <a href=\"http:\/\/www.cz-horoskop.cz\" target=\"_blank\" rel=\"noopener\">astrolog<\/a> a <a href=\"http:\/\/www.kapic.cz\" target=\"_blank\" rel=\"noopener\">program\u00e1tor<\/a>.<\/figcaption><\/figure>\n<p>Fiddle je slangov\u00fd americk\u00fd n\u00e1zev\u00a0 pro housle, n\u011bco na zp\u016fsob \u010desk\u00e9ho n\u00e1zvu sk\u0159ipky. Inu sna\u017e\u00edm se, se\u010d m\u016f\u017eu, aby to moc nesk\u0159\u00edpalo.<\/p>\n<p>Housle jsou cestou k uvoln\u011bn\u00ed.<br \/>\nHousle jsou cestou k nov\u00fdm my\u0161lenk\u00e1m.<br \/>\nHousle jsou cestou k lidem.<br \/>\nHousle JSOU cesta.<\/p>\n","protected":false},"excerpt":{"rendered":"<p>Vladim\u00edr Kapic, fiddler na cest\u011b Fiddle je slangov\u00fd americk\u00fd n\u00e1zev\u00a0 pro housle, n\u011bco na zp\u016fsob \u010desk\u00e9ho n\u00e1zvu sk\u0159ipky. Inu sna\u017e\u00edm se, se\u010d m\u016f\u017eu, aby to moc nesk\u0159\u00edpalo. Housle jsou cestou k uvoln\u011bn\u00ed. Housle jsou cestou k nov\u00fdm my\u0161lenk\u00e1m. Housle jsou cestou k lidem. Housle JSOU cesta.<\/p>\n","protected":false},"author":1,"featured_media":0,"parent":0,"menu_order":0,"comment_status":"closed","ping_status":"closed","template":"","meta":{"footnotes":""},"class_list":["post-2","page","type-page","status-publish","hentry"],"aioseo_notices":[],"_links":{"self":[{"href":"http:\/\/www.fiddler.cz\/fiddler\/wp-json\/wp\/v2\/pages\/2","targetHints":{"allow":["GET"]}}],"collection":[{"href":"http:\/\/www.fiddler.cz\/fiddler\/wp-json\/wp\/v2\/pages"}],"about":[{"href":"http:\/\/www.fiddler.cz\/fiddler\/wp-json\/wp\/v2\/types\/page"}],"author":[{"embeddable":true,"href":"http:\/\/www.fiddler.cz\/fiddler\/wp-json\/wp\/v2\/users\/1"}],"replies":[{"embeddable":true,"href":"http:\/\/www.fiddler.cz\/fiddler\/wp-json\/wp\/v2\/comments?post=2"}],"version-history":[{"count":0,"href":"http:\/\/www.fiddler.cz\/fiddler\/wp-json\/wp\/v2\/pages\/2\/revisions"}],"wp:attachment":[{"href":"http:\/\/www.fiddler.cz\/fiddler\/wp-json\/wp\/v2\/media?parent=2"}],"curies":[{"name":"wp","href":"https:\/\/api.w.org\/{rel}","templated":true}]}}